{"id":10987,"date":"2024-07-10T11:06:50","date_gmt":"2024-07-10T11:06:50","guid":{"rendered":"https:\/\/nooktura.si\/?page_id=10987"},"modified":"2024-10-10T12:51:24","modified_gmt":"2024-10-10T12:51:24","slug":"stanovanje-lagom-1","status":"publish","type":"page","link":"https:\/\/nooktura.si\/en\/stanovanje-lagom-1\/","title":{"rendered":"Projekti &#8211;  Stanovanje Lagom 1"},"content":{"rendered":"<div data-elementor-type=\"wp-page\" data-elementor-id=\"10987\" class=\"elementor elementor-10987\" data-elementor-post-type=\"page\">\n\t\t\t\t\t\t\t\t\t<section class=\"elementor-section elementor-top-section elementor-element elementor-element-b43c1f1 elementor-section-boxed elementor-section-height-default elementor-section-height-default\" data-id=\"b43c1f1\" data-element_type=\"section\">\n\t\t\t\t\t\t<div class=\"elementor-container elementor-column-gap-default\">\n\t\t\t\t\t<div class=\"elementor-column elementor-col-33 elementor-top-column elementor-element elementor-element-868afe2\" data-id=\"868afe2\" data-element_type=\"column\">\n\t\t\t<div class=\"elementor-widget-wrap elementor-element-populated\">\n\t\t\t\t\t\t\t\t<div class=\"elementor-element elementor-element-9e1e398 elementor-widget elementor-widget-heading\" data-id=\"9e1e398\" data-element_type=\"widget\" data-widget_type=\"heading.default\">\n\t\t\t\t<div class=\"elementor-widget-container\">\n\t\t\t<style>\/*! elementor - v3.17.0 - 08-11-2023 *\/\n.elementor-heading-title{padding:0;margin:0;line-height:1}.elementor-widget-heading .elementor-heading-title[class*=elementor-size-]>a{color:inherit;font-size:inherit;line-height:inherit}.elementor-widget-heading .elementor-heading-title.elementor-size-small{font-size:15px}.elementor-widget-heading .elementor-heading-title.elementor-size-medium{font-size:19px}.elementor-widget-heading .elementor-heading-title.elementor-size-large{font-size:29px}.elementor-widget-heading .elementor-heading-title.elementor-size-xl{font-size:39px}.elementor-widget-heading .elementor-heading-title.elementor-size-xxl{font-size:59px}<\/style><h1 class=\"elementor-heading-title elementor-size-default\">Apartment Lagom 1<\/h1>\t\t<\/div>\n\t\t\t\t<\/div>\n\t\t\t\t\t<\/div>\n\t\t<\/div>\n\t\t\t\t<div class=\"elementor-column elementor-col-33 elementor-top-column elementor-element elementor-element-1324541\" data-id=\"1324541\" data-element_type=\"column\" data-settings=\"{&quot;background_background&quot;:&quot;classic&quot;}\">\n\t\t\t<div class=\"elementor-widget-wrap elementor-element-populated\">\n\t\t\t\t\t\t\t\t<div class=\"elementor-element elementor-element-7a95f5f animated-slow elementor-mobile-align-left elementor-align-left elementor-widget__width-initial elementor-tablet-align-left elementor-icon-list--layout-traditional elementor-list-item-link-full_width elementor-invisible elementor-widget elementor-widget-icon-list\" data-id=\"7a95f5f\" data-element_type=\"widget\" data-settings=\"{&quot;_animation&quot;:&quot;fadeInUp&quot;,&quot;_animation_delay&quot;:&quot;300&quot;}\" data-widget_type=\"icon-list.default\">\n\t\t\t\t<div class=\"elementor-widget-container\">\n\t\t\t<link rel=\"stylesheet\" href=\"https:\/\/nooktura.si\/wp-content\/plugins\/elementor\/assets\/css\/widget-icon-list.min.css\">\t\t<ul class=\"elementor-icon-list-items\">\n\t\t\t\t\t\t\t<li class=\"elementor-icon-list-item\">\n\t\t\t\t\t\t\t\t\t\t\t<span class=\"elementor-icon-list-icon\">\n\t\t\t\t\t\t\t<i aria-hidden=\"true\" class=\"fas fa-plus\"><\/i>\t\t\t\t\t\t<\/span>\n\t\t\t\t\t\t\t\t\t\t<span class=\"elementor-icon-list-text\">Location: \u010crnu\u010de, Ljubljana<\/span>\n\t\t\t\t\t\t\t\t\t<\/li>\n\t\t\t\t\t\t\t\t<li class=\"elementor-icon-list-item\">\n\t\t\t\t\t\t\t\t\t\t\t<span class=\"elementor-icon-list-icon\">\n\t\t\t\t\t\t\t<i aria-hidden=\"true\" class=\"fas fa-plus\"><\/i>\t\t\t\t\t\t<\/span>\n\t\t\t\t\t\t\t\t\t\t<span class=\"elementor-icon-list-text\">Size: 80m2<\/span>\n\t\t\t\t\t\t\t\t\t<\/li>\n\t\t\t\t\t\t\t\t<li class=\"elementor-icon-list-item\">\n\t\t\t\t\t\t\t\t\t\t\t<span class=\"elementor-icon-list-icon\">\n\t\t\t\t\t\t\t<i aria-hidden=\"true\" class=\"fas fa-plus\"><\/i>\t\t\t\t\t\t<\/span>\n\t\t\t\t\t\t\t\t\t\t<span class=\"elementor-icon-list-text\">Idejna zasnova stanovanja, svetovanje, stiliranje<\/span>\n\t\t\t\t\t\t\t\t\t<\/li>\n\t\t\t\t\t\t\t\t<li class=\"elementor-icon-list-item\">\n\t\t\t\t\t\t\t\t\t\t\t<span class=\"elementor-icon-list-icon\">\n\t\t\t\t\t\t\t<i aria-hidden=\"true\" class=\"fas fa-plus\"><\/i>\t\t\t\t\t\t<\/span>\n\t\t\t\t\t\t\t\t\t\t<span class=\"elementor-icon-list-text\">Private client, 2024<\/span>\n\t\t\t\t\t\t\t\t\t<\/li>\n\t\t\t\t\t\t\t\t<li class=\"elementor-icon-list-item\">\n\t\t\t\t\t\t\t\t\t\t\t<span class=\"elementor-icon-list-icon\">\n\t\t\t\t\t\t\t<i aria-hidden=\"true\" class=\"fas fa-plus\"><\/i>\t\t\t\t\t\t<\/span>\n\t\t\t\t\t\t\t\t\t\t<span class=\"elementor-icon-list-text\">Stanje: V nastajanju<\/span>\n\t\t\t\t\t\t\t\t\t<\/li>\n\t\t\t\t\t\t<\/ul>\n\t\t\t\t<\/div>\n\t\t\t\t<\/div>\n\t\t\t\t\t<\/div>\n\t\t<\/div>\n\t\t\t\t<div class=\"elementor-column elementor-col-33 elementor-top-column elementor-element elementor-element-8d685c8\" data-id=\"8d685c8\" data-element_type=\"column\">\n\t\t\t<div class=\"elementor-widget-wrap elementor-element-populated\">\n\t\t\t\t\t\t\t\t<div class=\"elementor-element elementor-element-ba4ed8a animated-slow elementor-mobile-align-left elementor-align-left elementor-widget__width-initial elementor-icon-list--layout-traditional elementor-list-item-link-full_width elementor-invisible elementor-widget elementor-widget-icon-list\" data-id=\"ba4ed8a\" data-element_type=\"widget\" data-settings=\"{&quot;_animation&quot;:&quot;fadeInUp&quot;,&quot;_animation_delay&quot;:&quot;300&quot;}\" data-widget_type=\"icon-list.default\">\n\t\t\t\t<div class=\"elementor-widget-container\">\n\t\t\t\t\t<ul class=\"elementor-icon-list-items\">\n\t\t\t\t\t\t\t<li class=\"elementor-icon-list-item\">\n\t\t\t\t\t\t\t\t\t\t\t<span class=\"elementor-icon-list-icon\">\n\t\t\t\t\t\t\t<i aria-hidden=\"true\" class=\"fas fa-plus\"><\/i>\t\t\t\t\t\t<\/span>\n\t\t\t\t\t\t\t\t\t\t<span class=\"elementor-icon-list-text\">Scope:<\/span>\n\t\t\t\t\t\t\t\t\t<\/li>\n\t\t\t\t\t\t\t\t<li class=\"elementor-icon-list-item\">\n\t\t\t\t\t\t\t\t\t\t<span class=\"elementor-icon-list-text\">IDZ stanovanja, svetovanje, stiliranje,oprema po meri, projekt svetil, nabor materialov, kosovnega pohi\u0161tva, tapeciranega pohi\u0161tva, vodenje projekta izvedbe \/ koordinacija del<\/span>\n\t\t\t\t\t\t\t\t\t<\/li>\n\t\t\t\t\t\t\t\t<li class=\"elementor-icon-list-item\">\n\t\t\t\t\t\t\t\t\t\t\t<span class=\"elementor-icon-list-icon\">\n\t\t\t\t\t\t\t<i aria-hidden=\"true\" class=\"fas fa-camera\"><\/i>\t\t\t\t\t\t<\/span>\n\t\t\t\t\t\t\t\t\t\t<span class=\"elementor-icon-list-text\">BASIC visuals - del projekta v pripravi<\/span>\n\t\t\t\t\t\t\t\t\t<\/li>\n\t\t\t\t\t\t<\/ul>\n\t\t\t\t<\/div>\n\t\t\t\t<\/div>\n\t\t\t\t\t<\/div>\n\t\t<\/div>\n\t\t\t\t\t\t\t<\/div>\n\t\t<\/section>\n\t\t<div class=\"elementor-element elementor-element-c01a41c e-flex e-con-boxed e-con e-parent\" data-id=\"c01a41c\" data-element_type=\"container\" data-settings=\"{&quot;content_width&quot;:&quot;boxed&quot;}\" data-core-v316-plus=\"true\">\n\t\t\t\t\t<div class=\"e-con-inner\">\n\t\t\t\t<div class=\"elementor-element elementor-element-8a3231e elementor-widget elementor-widget-image\" data-id=\"8a3231e\" data-element_type=\"widget\" data-widget_type=\"image.default\">\n\t\t\t\t<div class=\"elementor-widget-container\">\n\t\t\t<style>\/*! elementor - v3.17.0 - 08-11-2023 *\/\n.elementor-widget-image{text-align:center}.elementor-widget-image a{display:inline-block}.elementor-widget-image a img[src$=\".svg\"]{width:48px}.elementor-widget-image img{vertical-align:middle;display:inline-block}<\/style>\t\t\t\t\t\t\t\t\t\t\t\t<img fetchpriority=\"high\" decoding=\"async\" width=\"710\" height=\"474\" src=\"https:\/\/nooktura.si\/wp-content\/uploads\/2024\/07\/v-nastajanju-03-1024x683.jpg\" class=\"attachment-large size-large wp-image-10955\" alt=\"\" srcset=\"https:\/\/nooktura.si\/wp-content\/uploads\/2024\/07\/v-nastajanju-03-1024x683.jpg 1024w, https:\/\/nooktura.si\/wp-content\/uploads\/2024\/07\/v-nastajanju-03-300x200.jpg 300w, https:\/\/nooktura.si\/wp-content\/uploads\/2024\/07\/v-nastajanju-03-768x512.jpg 768w, https:\/\/nooktura.si\/wp-content\/uploads\/2024\/07\/v-nastajanju-03-825x550.jpg 825w, https:\/\/nooktura.si\/wp-content\/uploads\/2024\/07\/v-nastajanju-03-1060x707.jpg 1060w, https:\/\/nooktura.si\/wp-content\/uploads\/2024\/07\/v-nastajanju-03-1536x1024.jpg 1536w, https:\/\/nooktura.si\/wp-content\/uploads\/2024\/07\/v-nastajanju-03-18x12.jpg 18w, https:\/\/nooktura.si\/wp-content\/uploads\/2024\/07\/v-nastajanju-03-550x367.jpg 550w, https:\/\/nooktura.si\/wp-content\/uploads\/2024\/07\/v-nastajanju-03-750x500.jpg 750w, https:\/\/nooktura.si\/wp-content\/uploads\/2024\/07\/v-nastajanju-03-1620x1080.jpg 1620w, https:\/\/nooktura.si\/wp-content\/uploads\/2024\/07\/v-nastajanju-03.jpg 1920w\" sizes=\"(max-width: 710px) 100vw, 710px\" \/>\t\t\t\t\t\t\t\t\t\t\t\t\t\t\t<\/div>\n\t\t\t\t<\/div>\n\t\t\t\t<div class=\"elementor-element elementor-element-1142006 elementor-widget elementor-widget-qi_addons_for_elementor_image_gallery_pinterest\" data-id=\"1142006\" data-element_type=\"widget\" data-widget_type=\"qi_addons_for_elementor_image_gallery_pinterest.default\">\n\t\t\t\t<div class=\"elementor-widget-container\">\n\t\t\t<div class=\"qodef-shortcode qodef-m  qodef-qi-image-gallery-pinterest qodef-qi-fslightbox-popup qodef-popup-gallery qodef-image--hover-zoom  qodef-qi-grid qodef-layout--qi-masonry  qodef-col-num--3   qodef-responsive--predefined\">\n\t<div class=\"qodef-grid-inner\">\n\t\t\t<div class=\"qodef-qi-grid-masonry-sizer\"><\/div>\n<div class=\"qodef-e qodef-image-wrapper qodef-grid-item\">\n\t<div class=\"qodef-e-inner\">\n\t\t\t\t\t<a class=\"qodef-popup-item\" itemprop=\"image\" href=\"https:\/\/nooktura.si\/wp-content\/uploads\/2024\/10\/Image7_001.jpg\" data-type=\"image\" data-fslightbox=\"gallery-936\">\n\t\t\t\t\t<img decoding=\"async\" width=\"1920\" height=\"1080\" src=\"https:\/\/nooktura.si\/wp-content\/uploads\/2024\/10\/Image7_001.jpg\" class=\"attachment-full size-full\" alt=\"\" srcset=\"https:\/\/nooktura.si\/wp-content\/uploads\/2024\/10\/Image7_001.jpg 1920w, https:\/\/nooktura.si\/wp-content\/uploads\/2024\/10\/Image7_001-300x169.jpg 300w, https:\/\/nooktura.si\/wp-content\/uploads\/2024\/10\/Image7_001-1024x576.jpg 1024w, https:\/\/nooktura.si\/wp-content\/uploads\/2024\/10\/Image7_001-768x432.jpg 768w, https:\/\/nooktura.si\/wp-content\/uploads\/2024\/10\/Image7_001-978x550.jpg 978w, https:\/\/nooktura.si\/wp-content\/uploads\/2024\/10\/Image7_001-1060x596.jpg 1060w, https:\/\/nooktura.si\/wp-content\/uploads\/2024\/10\/Image7_001-1536x864.jpg 1536w, https:\/\/nooktura.si\/wp-content\/uploads\/2024\/10\/Image7_001-18x10.jpg 18w, https:\/\/nooktura.si\/wp-content\/uploads\/2024\/10\/Image7_001-550x309.jpg 550w, https:\/\/nooktura.si\/wp-content\/uploads\/2024\/10\/Image7_001-889x500.jpg 889w\" sizes=\"(max-width: 1920px) 100vw, 1920px\" \/>\t\t\t\t\t<\/a>\n\t\t\t<\/div>\n<\/div>\n\t<\/div>\n<\/div>\n\t\t<\/div>\n\t\t\t\t<\/div>\n\t\t\t\t\t<\/div>\n\t\t\t\t<\/div>\n\t\t\t\t<section class=\"elementor-section elementor-top-section elementor-element elementor-element-68643372 elementor-section-height-min-height elementor-section-stretched elementor-section-full_width elementor-section-height-default elementor-section-items-middle\" data-id=\"68643372\" data-element_type=\"section\" data-settings=\"{&quot;stretch_section&quot;:&quot;section-stretched&quot;,&quot;background_background&quot;:&quot;classic&quot;}\">\n\t\t\t\t\t\t\t<div class=\"elementor-background-overlay\"><\/div>\n\t\t\t\t\t\t\t<div class=\"elementor-container elementor-column-gap-default\">\n\t\t\t\t\t<div class=\"elementor-column elementor-col-100 elementor-top-column elementor-element elementor-element-68f4c42b\" data-id=\"68f4c42b\" data-element_type=\"column\">\n\t\t\t<div class=\"elementor-widget-wrap elementor-element-populated\">\n\t\t\t\t\t\t\t\t<div class=\"elementor-element elementor-element-a7fb0cd animated-slow elementor-invisible elementor-widget elementor-widget-qi_addons_for_elementor_typeout_text\" data-id=\"a7fb0cd\" data-element_type=\"widget\" data-settings=\"{&quot;_animation&quot;:&quot;fadeInUp&quot;}\" data-widget_type=\"qi_addons_for_elementor_typeout_text.default\">\n\t\t\t\t<div class=\"elementor-widget-container\">\n\t\t\t<div class=\"qodef-shortcode qodef-m  qodef-qi-typeout-text\" data-strings=\"[&quot;&quot;]\">\n\t<h1 class=\"qodef-m-text\">\n\t\t\t\t\tDo you have a project in mind?\t\t\t\t<span class=\"qodef-typeout-holder\">\n\t\t\t<span class=\"qodef-typeout\"><\/span>\n\t\t<\/span>\n\t<\/h1>\n<\/div>\n\t\t<\/div>\n\t\t\t\t<\/div>\n\t\t\t\t<div class=\"elementor-element elementor-element-69480dd7 animated-slow elementor-invisible elementor-widget elementor-widget-qi_addons_for_elementor_typeout_text\" data-id=\"69480dd7\" data-element_type=\"widget\" data-settings=\"{&quot;_animation&quot;:&quot;fadeInUp&quot;}\" data-widget_type=\"qi_addons_for_elementor_typeout_text.default\">\n\t\t\t\t<div class=\"elementor-widget-container\">\n\t\t\t<div class=\"qodef-shortcode qodef-m  qodef-qi-typeout-text\" data-strings=\"[&quot;Hello&quot;,&quot;Hola&quot;,&quot;Bonjour&quot;,&quot;Zdravstvuyte&quot;,&quot;N\\u01d0n h\\u01ceo&quot;]\">\n\t<h2 class=\"qodef-m-text\">\n\t\t\t\t\tDon&#039;t hesitate to say hello\t\t\t\t<span class=\"qodef-typeout-holder\">\n\t\t\t<span class=\"qodef-typeout\"><\/span>\n\t\t<\/span>\n\t<\/h2>\n<\/div>\n\t\t<\/div>\n\t\t\t\t<\/div>\n\t\t\t\t<div class=\"elementor-element elementor-element-27772146 elementor-widget__width-auto animated-slow elementor-invisible elementor-widget elementor-widget-qi_addons_for_elementor_button\" data-id=\"27772146\" data-element_type=\"widget\" data-settings=\"{&quot;_animation&quot;:&quot;fadeInUp&quot;,&quot;_animation_delay&quot;:&quot;200&quot;}\" data-widget_type=\"qi_addons_for_elementor_button.default\">\n\t\t\t\t<div class=\"elementor-widget-container\">\n\t\t\t<a class=\"qodef-shortcode qodef-m  qodef-qi-button qodef-html--link qodef-layout--outlined qodef-type--icon-boxed   qodef-icon--right qodef-hover--icon-move-horizontal-short   qodef-text-underline qodef-underline--left\" href=\"https:\/\/themes.pixelwars.org\/renovatio\/demo-01\/contact\/\" target=\"_self\">\n\t<span class=\"qodef-m-text\">Write to us<\/span>\n\t\t<span class=\"qodef-m-icon\">\n\t\t<span class=\"qodef-m-icon-inner\">\n\t\t\t<svg xmlns=\"http:\/\/www.w3.org\/2000\/svg\" x=\"0px\" y=\"0px\" width=\"7px\" height=\"7px\" viewbox=\"1.25 1.25 7 7\" xml:space=\"preserve\">  <polygon fill=\"#ffffff\" points=\"1.25,1.25 1.25,2.25 6.543,2.25 1.25,7.543 1.958,8.25 7.25,2.957 7.25,8.25 8.25,8.25 8.25,1.25 8.25,1.25 \"><\/polygon><\/svg>\t\t\t\t\t<\/span>\n\t<\/span>\n<\/a>\n\t\t<\/div>\n\t\t\t\t<\/div>\n\t\t\t\t\t<\/div>\n\t\t<\/div>\n\t\t\t\t\t\t\t<\/div>\n\t\t<\/section>\n\t\t<div class=\"elementor-element elementor-element-e2b3d27 e-flex e-con-boxed e-con e-parent\" data-id=\"e2b3d27\" data-element_type=\"container\" data-settings=\"{&quot;content_width&quot;:&quot;boxed&quot;}\" data-core-v316-plus=\"true\">\n\t\t\t\t\t<div class=\"e-con-inner\">\n\t\t\t\t\t<\/div>\n\t\t\t\t<\/div>\n\t\t\t\t\t\t\t<\/div>","protected":false},"excerpt":{"rendered":"<p>Stanovanje Lagom 1 Lokacija: \u010crnu\u010de, Ljubljana Velikost: 80m2 Idejna zasnova stanovanja, svetovanje, stiliranje Zasebni naro\u010dnik, 2024 Stanje: V nastajanju Obseg: IDZ stanovanja, svetovanje, stiliranje,oprema po meri, projekt svetil, nabor materialov, kosovnega pohi\u0161tva, tapeciranega pohi\u0161tva, vodenje projekta izvedbe \/ koordinacija del BASIC visuals &#8211; del projekta v pripravi Imate v mislih projekt? Ne oklevajte s pozdravom Pi\u0161ite Nam<\/p>","protected":false},"author":3,"featured_media":0,"parent":0,"menu_order":0,"comment_status":"closed","ping_status":"closed","template":"","meta":{"inline_featured_image":false,"footnotes":""},"class_list":["post-10987","page","type-page","status-publish","hentry","is-cat-link-borders-light is-cat-link-rounded"],"yoast_head":"<!-- This site is optimized with the Yoast SEO plugin v21.7 - https:\/\/yoast.com\/wordpress\/plugins\/seo\/ -->\n<title>Projekti - Stanovanje Lagom 1 | Interier in Arhitekturne Re\u0161itve<\/title>\n<meta name=\"robots\" content=\"index, follow, max-snippet:-1, max-image-preview:large, max-video-preview:-1\" \/>\n<link rel=\"canonical\" href=\"https:\/\/nooktura.si\/en\/stanovanje-lagom-1\/\" \/>\n<meta property=\"og:locale\" content=\"en_GB\" \/>\n<meta property=\"og:type\" content=\"article\" \/>\n<meta property=\"og:title\" content=\"Projekti - Stanovanje Lagom 1 | Interier in Arhitekturne Re\u0161itve\" \/>\n<meta property=\"og:description\" content=\"Stanovanje Lagom 1 Lokacija: \u010crnu\u010de, Ljubljana Velikost: 80m2 Idejna zasnova stanovanja, svetovanje, stiliranje Zasebni naro\u010dnik, 2024 Stanje: V nastajanju Obseg: IDZ stanovanja, svetovanje, stiliranje,oprema po meri, projekt svetil, nabor materialov, kosovnega pohi\u0161tva, tapeciranega pohi\u0161tva, vodenje projekta izvedbe \/ koordinacija del BASIC visuals &#8211; del projekta v pripravi Imate v mislih projekt? Ne oklevajte s pozdravom Pi\u0161ite Nam\" \/>\n<meta property=\"og:url\" content=\"https:\/\/nooktura.si\/en\/stanovanje-lagom-1\/\" \/>\n<meta property=\"og:site_name\" content=\"Interier in Arhitekturne Re\u0161itve\" \/>\n<meta property=\"article:publisher\" content=\"https:\/\/instagram.com\/nooktura\" \/>\n<meta property=\"article:modified_time\" content=\"2024-10-10T12:51:24+00:00\" \/>\n<meta property=\"og:image\" content=\"https:\/\/nooktura.si\/wp-content\/uploads\/2024\/07\/v-nastajanju-03-1024x683.jpg\" \/>\n<meta name=\"twitter:card\" content=\"summary_large_image\" \/>\n<meta name=\"twitter:label1\" content=\"Estimated reading time\" \/>\n\t<meta name=\"twitter:data1\" content=\"1 minute\" \/>\n<script type=\"application\/ld+json\" class=\"yoast-schema-graph\">{\"@context\":\"https:\/\/schema.org\",\"@graph\":[{\"@type\":\"WebPage\",\"@id\":\"https:\/\/nooktura.si\/stanovanje-lagom-1\/\",\"url\":\"https:\/\/nooktura.si\/stanovanje-lagom-1\/\",\"name\":\"Projekti - Stanovanje Lagom 1 | Interier in Arhitekturne Re\u0161itve\",\"isPartOf\":{\"@id\":\"https:\/\/nooktura.si\/#website\"},\"datePublished\":\"2024-07-10T11:06:50+00:00\",\"dateModified\":\"2024-10-10T12:51:24+00:00\",\"breadcrumb\":{\"@id\":\"https:\/\/nooktura.si\/stanovanje-lagom-1\/#breadcrumb\"},\"inLanguage\":\"en-GB\",\"potentialAction\":[{\"@type\":\"ReadAction\",\"target\":[\"https:\/\/nooktura.si\/stanovanje-lagom-1\/\"]}]},{\"@type\":\"BreadcrumbList\",\"@id\":\"https:\/\/nooktura.si\/stanovanje-lagom-1\/#breadcrumb\",\"itemListElement\":[{\"@type\":\"ListItem\",\"position\":1,\"name\":\"Home\",\"item\":\"https:\/\/nooktura.si\/\"},{\"@type\":\"ListItem\",\"position\":2,\"name\":\"Projekti &#8211; Stanovanje Lagom 1\"}]},{\"@type\":\"WebSite\",\"@id\":\"https:\/\/nooktura.si\/#website\",\"url\":\"https:\/\/nooktura.si\/\",\"name\":\"Interier in Arhitekturne Re\u0161itve\",\"description\":\"\",\"publisher\":{\"@id\":\"https:\/\/nooktura.si\/#organization\"},\"potentialAction\":[{\"@type\":\"SearchAction\",\"target\":{\"@type\":\"EntryPoint\",\"urlTemplate\":\"https:\/\/nooktura.si\/?s={search_term_string}\"},\"query-input\":\"required name=search_term_string\"}],\"inLanguage\":\"en-GB\"},{\"@type\":\"Organization\",\"@id\":\"https:\/\/nooktura.si\/#organization\",\"name\":\"Nooktura I Notranje Oblikovanje\",\"url\":\"https:\/\/nooktura.si\/\",\"logo\":{\"@type\":\"ImageObject\",\"inLanguage\":\"en-GB\",\"@id\":\"https:\/\/nooktura.si\/#\/schema\/logo\/image\/\",\"url\":\"https:\/\/nooktura.si\/wp-content\/uploads\/2023\/11\/favicon.png\",\"contentUrl\":\"https:\/\/nooktura.si\/wp-content\/uploads\/2023\/11\/favicon.png\",\"width\":250,\"height\":250,\"caption\":\"Nooktura I Notranje Oblikovanje\"},\"image\":{\"@id\":\"https:\/\/nooktura.si\/#\/schema\/logo\/image\/\"},\"sameAs\":[\"https:\/\/instagram.com\/nooktura\",\"https:\/\/www.pinterest.com\/nooktura\/?invite_code=183d9ed47bb94072ab37a85ec38c33fc&sender=470485629730298134\"]}]}<\/script>\n<!-- \/ Yoast SEO plugin. -->","yoast_head_json":{"title":"Projekti - Stanovanje Lagom 1 | Interier in Arhitekturne Re\u0161itve","robots":{"index":"index","follow":"follow","max-snippet":"max-snippet:-1","max-image-preview":"max-image-preview:large","max-video-preview":"max-video-preview:-1"},"canonical":"https:\/\/nooktura.si\/en\/stanovanje-lagom-1\/","og_locale":"en_GB","og_type":"article","og_title":"Projekti - Stanovanje Lagom 1 | Interier in Arhitekturne Re\u0161itve","og_description":"Stanovanje Lagom 1 Lokacija: \u010crnu\u010de, Ljubljana Velikost: 80m2 Idejna zasnova stanovanja, svetovanje, stiliranje Zasebni naro\u010dnik, 2024 Stanje: V nastajanju Obseg: IDZ stanovanja, svetovanje, stiliranje,oprema po meri, projekt svetil, nabor materialov, kosovnega pohi\u0161tva, tapeciranega pohi\u0161tva, vodenje projekta izvedbe \/ koordinacija del BASIC visuals &#8211; del projekta v pripravi Imate v mislih projekt? Ne oklevajte s pozdravom Pi\u0161ite Nam","og_url":"https:\/\/nooktura.si\/en\/stanovanje-lagom-1\/","og_site_name":"Interier in Arhitekturne Re\u0161itve","article_publisher":"https:\/\/instagram.com\/nooktura","article_modified_time":"2024-10-10T12:51:24+00:00","og_image":[{"url":"https:\/\/nooktura.si\/wp-content\/uploads\/2024\/07\/v-nastajanju-03-1024x683.jpg"}],"twitter_card":"summary_large_image","twitter_misc":{"Estimated reading time":"1 minute"},"schema":{"@context":"https:\/\/schema.org","@graph":[{"@type":"WebPage","@id":"https:\/\/nooktura.si\/stanovanje-lagom-1\/","url":"https:\/\/nooktura.si\/stanovanje-lagom-1\/","name":"Projekti - Stanovanje Lagom 1 | Interier in Arhitekturne Re\u0161itve","isPartOf":{"@id":"https:\/\/nooktura.si\/#website"},"datePublished":"2024-07-10T11:06:50+00:00","dateModified":"2024-10-10T12:51:24+00:00","breadcrumb":{"@id":"https:\/\/nooktura.si\/stanovanje-lagom-1\/#breadcrumb"},"inLanguage":"en-GB","potentialAction":[{"@type":"ReadAction","target":["https:\/\/nooktura.si\/stanovanje-lagom-1\/"]}]},{"@type":"BreadcrumbList","@id":"https:\/\/nooktura.si\/stanovanje-lagom-1\/#breadcrumb","itemListElement":[{"@type":"ListItem","position":1,"name":"Home","item":"https:\/\/nooktura.si\/"},{"@type":"ListItem","position":2,"name":"Projekti &#8211; Stanovanje Lagom 1"}]},{"@type":"WebSite","@id":"https:\/\/nooktura.si\/#website","url":"https:\/\/nooktura.si\/","name":"Interier in Arhitekturne Re\u0161itve","description":"","publisher":{"@id":"https:\/\/nooktura.si\/#organization"},"potentialAction":[{"@type":"SearchAction","target":{"@type":"EntryPoint","urlTemplate":"https:\/\/nooktura.si\/?s={search_term_string}"},"query-input":"required name=search_term_string"}],"inLanguage":"en-GB"},{"@type":"Organization","@id":"https:\/\/nooktura.si\/#organization","name":"Nooktura I Notranje Oblikovanje","url":"https:\/\/nooktura.si\/","logo":{"@type":"ImageObject","inLanguage":"en-GB","@id":"https:\/\/nooktura.si\/#\/schema\/logo\/image\/","url":"https:\/\/nooktura.si\/wp-content\/uploads\/2023\/11\/favicon.png","contentUrl":"https:\/\/nooktura.si\/wp-content\/uploads\/2023\/11\/favicon.png","width":250,"height":250,"caption":"Nooktura I Notranje Oblikovanje"},"image":{"@id":"https:\/\/nooktura.si\/#\/schema\/logo\/image\/"},"sameAs":["https:\/\/instagram.com\/nooktura","https:\/\/www.pinterest.com\/nooktura\/?invite_code=183d9ed47bb94072ab37a85ec38c33fc&sender=470485629730298134"]}]}},"_links":{"self":[{"href":"https:\/\/nooktura.si\/en\/wp-json\/wp\/v2\/pages\/10987","targetHints":{"allow":["GET"]}}],"collection":[{"href":"https:\/\/nooktura.si\/en\/wp-json\/wp\/v2\/pages"}],"about":[{"href":"https:\/\/nooktura.si\/en\/wp-json\/wp\/v2\/types\/page"}],"author":[{"embeddable":true,"href":"https:\/\/nooktura.si\/en\/wp-json\/wp\/v2\/users\/3"}],"replies":[{"embeddable":true,"href":"https:\/\/nooktura.si\/en\/wp-json\/wp\/v2\/comments?post=10987"}],"version-history":[{"count":19,"href":"https:\/\/nooktura.si\/en\/wp-json\/wp\/v2\/pages\/10987\/revisions"}],"predecessor-version":[{"id":11203,"href":"https:\/\/nooktura.si\/en\/wp-json\/wp\/v2\/pages\/10987\/revisions\/11203"}],"wp:attachment":[{"href":"https:\/\/nooktura.si\/en\/wp-json\/wp\/v2\/media?parent=10987"}],"curies":[{"name":"wp","href":"https:\/\/api.w.org\/{rel}","templated":true}]}}